{"id":4341,"date":"2023-09-09T18:28:16","date_gmt":"2023-09-09T18:28:16","guid":{"rendered":"https:\/\/informaciondental.lat\/?page_id=4341"},"modified":"2023-09-12T17:51:25","modified_gmt":"2023-09-12T17:51:25","slug":"inicio","status":"publish","type":"page","link":"https:\/\/informaciondental.lat\/","title":{"rendered":"Inicio"},"content":{"rendered":"\t\t<div data-elementor-type=\"wp-page\" data-elementor-id=\"4341\" class=\"elementor elementor-4341\">\n\t\t\t\t\t\t<section class=\"elementor-section elementor-top-section elementor-element elementor-element-19dfac1 elementor-section-boxed elementor-section-height-default elementor-section-height-default elementor-invisible\" data-id=\"19dfac1\" data-element_type=\"section\" data-e-type=\"section\" data-settings=\"{&quot;animation&quot;:&quot;fadeInDown&quot;}\">\n\t\t\t\t\t\t<div class=\"elementor-container elementor-column-gap-default\">\n\t\t\t\t\t<div class=\"elementor-column elementor-col-100 elementor-top-column elementor-element elementor-element-6b3617b\" data-id=\"6b3617b\" data-element_type=\"column\" data-e-type=\"column\">\n\t\t\t<div class=\"elementor-widget-wrap elementor-element-populated\">\n\t\t\t\t\t\t<div class=\"elementor-element elementor-element-abb2c08 elementor-widget elementor-widget-heading\" data-id=\"abb2c08\" data-element_type=\"widget\" data-e-type=\"widget\" data-widget_type=\"heading.default\">\n\t\t\t\t<div class=\"elementor-widget-container\">\n\t\t\t\t\t<h2 class=\"elementor-heading-title elementor-size-default\">\u00a1Bienvenidos al Sitio Web de Informaci\u00f3n Dental!<\/h2>\t\t\t\t<\/div>\n\t\t\t\t<\/div>\n\t\t\t\t<div class=\"elementor-element elementor-element-b89bd24 elementor-widget-divider--view-line elementor-invisible elementor-widget elementor-widget-divider\" data-id=\"b89bd24\" data-element_type=\"widget\" data-e-type=\"widget\" data-settings=\"{&quot;_animation&quot;:&quot;zoomIn&quot;}\" data-widget_type=\"divider.default\">\n\t\t\t\t<div class=\"elementor-widget-container\">\n\t\t\t\t\t\t\t<div class=\"elementor-divider\">\n\t\t\t<span class=\"elementor-divider-separator\">\n\t\t\t\t\t\t<\/span>\n\t\t<\/div>\n\t\t\t\t\t\t<\/div>\n\t\t\t\t<\/div>\n\t\t\t\t\t<\/div>\n\t\t<\/div>\n\t\t\t\t\t<\/div>\n\t\t<\/section>\n\t\t\t\t<section class=\"elementor-section elementor-top-section elementor-element elementor-element-cb2d86a elementor-section-boxed elementor-section-height-default elementor-section-height-default\" data-id=\"cb2d86a\" data-element_type=\"section\" data-e-type=\"section\">\n\t\t\t\t\t\t<div class=\"elementor-container elementor-column-gap-default\">\n\t\t\t\t\t<div class=\"elementor-column elementor-col-100 elementor-top-column elementor-element elementor-element-ee84ae4\" data-id=\"ee84ae4\" data-element_type=\"column\" data-e-type=\"column\">\n\t\t\t<div class=\"elementor-widget-wrap elementor-element-populated\">\n\t\t\t\t\t\t<div class=\"elementor-element elementor-element-2875e4d elementor-invisible elementor-widget elementor-widget-text-editor\" data-id=\"2875e4d\" data-element_type=\"widget\" data-e-type=\"widget\" data-settings=\"{&quot;_animation&quot;:&quot;bounceInDown&quot;}\" data-widget_type=\"text-editor.default\">\n\t\t\t\t<div class=\"elementor-widget-container\">\n\t\t\t\t\t\t\t\t\t<h1 style=\"text-align: left; font-size: 20px; color: #0099ff; font-weight: 600;\"><strong>|<\/strong>\u00a0 \u00bfQUI\u00c9NES SOMOS?<\/h1>\t\t\t\t\t\t\t\t<\/div>\n\t\t\t\t<\/div>\n\t\t\t\t<div class=\"elementor-element elementor-element-d5cc9f7 elementor-widget elementor-widget-text-editor\" data-id=\"d5cc9f7\" data-element_type=\"widget\" data-e-type=\"widget\" data-widget_type=\"text-editor.default\">\n\t\t\t\t<div class=\"elementor-widget-container\">\n\t\t\t\t\t\t\t\t\t<p style=\"text-align: justify;\">Un grupo de profesionales independientes apasionados por la odontolog\u00eda y comprometidos con brindarle la mejor informaci\u00f3n t\u00e9cnica sobre productos odontol\u00f3gicos disponibles en el mercado. Nuestro objetivo es ayudar a odont\u00f3logos, t\u00e9cnicos dentales, estudiantes y entusiastas de la odontolog\u00eda a tomar decisiones informadas y mantenerse actualizados sobre las \u00faltimas innovaciones en el campo<\/p>\t\t\t\t\t\t\t\t<\/div>\n\t\t\t\t<\/div>\n\t\t\t\t<div class=\"elementor-element elementor-element-fda939e elementor-invisible elementor-widget elementor-widget-text-editor\" data-id=\"fda939e\" data-element_type=\"widget\" data-e-type=\"widget\" data-settings=\"{&quot;_animation&quot;:&quot;bounceInDown&quot;}\" data-widget_type=\"text-editor.default\">\n\t\t\t\t<div class=\"elementor-widget-container\">\n\t\t\t\t\t\t\t\t\t<h1 style=\"text-align: left; font-size: 20px; color: #0099ff; font-weight: 600;\"><strong>|<\/strong>\u00a0 NUESTRA MISI\u00d3N&#8230;<\/h1>\t\t\t\t\t\t\t\t<\/div>\n\t\t\t\t<\/div>\n\t\t\t\t<div class=\"elementor-element elementor-element-69ee7bd elementor-widget elementor-widget-text-editor\" data-id=\"69ee7bd\" data-element_type=\"widget\" data-e-type=\"widget\" data-widget_type=\"text-editor.default\">\n\t\t\t\t<div class=\"elementor-widget-container\">\n\t\t\t\t\t\t\t\t\t<p style=\"text-align: justify;\"><span style=\"font-family: var( --e-global-typography-text-font-family ), Sans-serif; font-size: 1rem;\">Es proporcionar informaci\u00f3n t\u00e9cnica precisa y detallada sobre una amplia gama de productos odontol\u00f3gicos, desde instrumentos y equipos hasta materiales y tecnolog\u00edas de vanguardia. Creemos que el conocimiento es fundamental para la excelencia en la pr\u00e1ctica odontol\u00f3gica, y estamos comprometidos a facilitar el acceso a recursos confiables y actualizados.<\/span><\/p>\t\t\t\t\t\t\t\t<\/div>\n\t\t\t\t<\/div>\n\t\t\t\t<div class=\"elementor-element elementor-element-67aa3ba elementor-invisible elementor-widget elementor-widget-text-editor\" data-id=\"67aa3ba\" data-element_type=\"widget\" data-e-type=\"widget\" data-settings=\"{&quot;_animation&quot;:&quot;bounceInDown&quot;}\" data-widget_type=\"text-editor.default\">\n\t\t\t\t<div class=\"elementor-widget-container\">\n\t\t\t\t\t\t\t\t\t<h1 style=\"text-align: left; font-size: 20px; color: #0099ff; font-weight: 600;\"><strong>|<\/strong>\u00a0 CONTENIDO<\/h1>\t\t\t\t\t\t\t\t<\/div>\n\t\t\t\t<\/div>\n\t\t\t\t<div class=\"elementor-element elementor-element-66e35e9 elementor-widget elementor-widget-text-editor\" data-id=\"66e35e9\" data-element_type=\"widget\" data-e-type=\"widget\" data-widget_type=\"text-editor.default\">\n\t\t\t\t<div class=\"elementor-widget-container\">\n\t\t\t\t\t\t\t\t\t<p style=\"text-align: justify;\"><span style=\"font-family: var( --e-global-typography-text-font-family ), Sans-serif; font-size: 1rem;\">La informaci\u00f3n sobre productos odontol\u00f3gicos suele obtenerse de varias fuentes, y los principales fabricantes de productos odontol\u00f3gicos son una de esas fuentes importantes. Estos fabricantes suelen proporcionar informaci\u00f3n detallada sobre sus productos, incluyendo especificaciones t\u00e9cnicas, caracter\u00edsticas, indicaciones de uso, y posibles beneficios.\u00a0<\/span><\/p><p style=\"text-align: justify;\"><a href=\"https:\/\/informaciondental.lat\/index.php\/contenido\/\" target=\"_blank\" rel=\"noopener\">Da clic para conocerlos.<\/a><\/p><p style=\"text-align: justify;\">\u00a0<\/p>\t\t\t\t\t\t\t\t<\/div>\n\t\t\t\t<\/div>\n\t\t\t\t<div class=\"elementor-element elementor-element-61d0ccb elementor-widget elementor-widget-heading\" data-id=\"61d0ccb\" data-element_type=\"widget\" data-e-type=\"widget\" data-widget_type=\"heading.default\">\n\t\t\t\t<div class=\"elementor-widget-container\">\n\t\t\t\t\t<h4 class=\"elementor-heading-title elementor-size-default\">\u00a1Gracias por visitarnos y confiar en nosotros como su recurso confiable en el mundo de la odontolog\u00eda!<\/h4>\t\t\t\t<\/div>\n\t\t\t\t<\/div>\n\t\t\t\t\t<\/div>\n\t\t<\/div>\n\t\t\t\t\t<\/div>\n\t\t<\/section>\n\t\t\t\t<\/div>\n\t\t","protected":false},"excerpt":{"rendered":"<p>\u00a1Bienvenidos al Sitio Web de Informaci\u00f3n Dental! |\u00a0 \u00bfQUI\u00c9NES SOMOS? Un grupo de profesionales independientes apasionados por la odontolog\u00eda y comprometidos con brindarle la mejor informaci\u00f3n t\u00e9cnica sobre productos odontol\u00f3gicos disponibles en el mercado. Nuestro objetivo es ayudar a odont\u00f3logos,<\/p>\n<p><a href=\"https:\/\/informaciondental.lat\/\" class=\"more-link\">Continuar leyendo<span class=\"screen-reader-text\">Inicio<\/span><\/a><\/p>\n","protected":false},"author":1,"featured_media":0,"parent":0,"menu_order":0,"comment_status":"closed","ping_status":"closed","template":"","meta":{"footnotes":""},"class_list":["post-4341","page","type-page","status-publish","hentry"],"rttpg_featured_image_url":null,"rttpg_author":{"display_name":"admin","author_link":"https:\/\/informaciondental.lat\/index.php\/author\/admin_infdental\/"},"rttpg_comment":0,"rttpg_category":null,"rttpg_excerpt":"\u00a1Bienvenidos al Sitio Web de Informaci\u00f3n Dental! |\u00a0 \u00bfQUI\u00c9NES SOMOS? Un grupo de profesionales independientes apasionados por la odontolog\u00eda y comprometidos con brindarle la mejor informaci\u00f3n t\u00e9cnica sobre productos odontol\u00f3gicos disponibles en el mercado. Nuestro objetivo es ayudar a odont\u00f3logos,Continuar leyendoInicio","_links":{"self":[{"href":"https:\/\/informaciondental.lat\/index.php\/wp-json\/wp\/v2\/pages\/4341","targetHints":{"allow":["GET"]}}],"collection":[{"href":"https:\/\/informaciondental.lat\/index.php\/wp-json\/wp\/v2\/pages"}],"about":[{"href":"https:\/\/informaciondental.lat\/index.php\/wp-json\/wp\/v2\/types\/page"}],"author":[{"embeddable":true,"href":"https:\/\/informaciondental.lat\/index.php\/wp-json\/wp\/v2\/users\/1"}],"replies":[{"embeddable":true,"href":"https:\/\/informaciondental.lat\/index.php\/wp-json\/wp\/v2\/comments?post=4341"}],"version-history":[{"count":103,"href":"https:\/\/informaciondental.lat\/index.php\/wp-json\/wp\/v2\/pages\/4341\/revisions"}],"predecessor-version":[{"id":4761,"href":"https:\/\/informaciondental.lat\/index.php\/wp-json\/wp\/v2\/pages\/4341\/revisions\/4761"}],"wp:attachment":[{"href":"https:\/\/informaciondental.lat\/index.php\/wp-json\/wp\/v2\/media?parent=4341"}],"curies":[{"name":"wp","href":"https:\/\/api.w.org\/{rel}","templated":true}]}}